{"id":1792,"date":"2023-04-13T14:39:56","date_gmt":"2023-04-13T12:39:56","guid":{"rendered":"https:\/\/www.hotelsvizzero.com\/richiesta-disponibilita\/"},"modified":"2023-11-24T15:00:21","modified_gmt":"2023-11-24T14:00:21","slug":"demande-de-disponibilite","status":"publish","type":"page","link":"https:\/\/www.hotelsvizzero.com\/fr\/demande-de-disponibilite\/","title":{"rendered":"Demande de disponibilit\u00e9"},"content":{"rendered":"<p>Il s'agit d'un formulaire de demande pr\u00e9liminaire ; l'Hotel Chalet Svizzero r\u00e9pondra rapidement par e-mail \u00e0 l'adresse que vous indiquerez dans l'espace pr\u00e9vu \u00e0 cet effet.<br \/>\n<strong>VEUILLEZ V\u00c9RIFIER SOIGNEUSEMENT QUE L'ADRESSE \u00c9LECTRONIQUE ET LE NUM\u00c9RO DE T\u00c9L\u00c9PHONE SONT CORRECTS<\/strong><\/p>\n","protected":false},"excerpt":{"rendered":"<p>Il s'agit d'un formulaire de demande pr\u00e9liminaire ; l'Hotel Chalet Svizzero r\u00e9pondra rapidement par e-mail \u00e0 l'adresse que vous indiquerez [&hellip;]<\/p>\n","protected":false},"author":1,"featured_media":373,"parent":0,"menu_order":24,"comment_status":"closed","ping_status":"closed","template":"","meta":{"_acf_changed":false,"footnotes":""},"class_list":["post-1792","page","type-page","status-publish","has-post-thumbnail","hentry"],"acf":[],"_links":{"self":[{"href":"https:\/\/www.hotelsvizzero.com\/fr\/wp-json\/wp\/v2\/pages\/1792","targetHints":{"allow":["GET"]}}],"collection":[{"href":"https:\/\/www.hotelsvizzero.com\/fr\/wp-json\/wp\/v2\/pages"}],"about":[{"href":"https:\/\/www.hotelsvizzero.com\/fr\/wp-json\/wp\/v2\/types\/page"}],"author":[{"embeddable":true,"href":"https:\/\/www.hotelsvizzero.com\/fr\/wp-json\/wp\/v2\/users\/1"}],"replies":[{"embeddable":true,"href":"https:\/\/www.hotelsvizzero.com\/fr\/wp-json\/wp\/v2\/comments?post=1792"}],"version-history":[{"count":2,"href":"https:\/\/www.hotelsvizzero.com\/fr\/wp-json\/wp\/v2\/pages\/1792\/revisions"}],"predecessor-version":[{"id":2035,"href":"https:\/\/www.hotelsvizzero.com\/fr\/wp-json\/wp\/v2\/pages\/1792\/revisions\/2035"}],"wp:featuredmedia":[{"embeddable":true,"href":"https:\/\/www.hotelsvizzero.com\/fr\/wp-json\/wp\/v2\/media\/373"}],"wp:attachment":[{"href":"https:\/\/www.hotelsvizzero.com\/fr\/wp-json\/wp\/v2\/media?parent=1792"}],"curies":[{"name":"wp","href":"https:\/\/api.w.org\/{rel}","templated":true}]}}