{"id":1770,"date":"2023-04-13T11:57:42","date_gmt":"2023-04-13T09:57:42","guid":{"rendered":"https:\/\/www.hotelsvizzero.com\/servizi\/"},"modified":"2025-12-16T12:14:51","modified_gmt":"2025-12-16T11:14:51","slug":"services","status":"publish","type":"page","link":"https:\/\/www.hotelsvizzero.com\/fr\/services\/","title":{"rendered":"Services"},"content":{"rendered":"<p>L'h\u00f4tel Chalet Svizzero offre les services suivants. Si vous avez besoin de services qui ne figurent pas dans la liste, n'h\u00e9sitez pas \u00e0 vous adresser \u00e0 la r\u00e9ception. Notre devise est la suivante : si vous pouvez, vous pouvez.<\/p>\n","protected":false},"excerpt":{"rendered":"<p>L'h\u00f4tel Chalet Svizzero offre les services suivants. Si vous avez besoin de services qui ne figurent pas dans la liste, [&hellip;]<\/p>\n","protected":false},"author":1,"featured_media":0,"parent":0,"menu_order":14,"comment_status":"closed","ping_status":"closed","template":"","meta":{"_acf_changed":false,"footnotes":""},"class_list":["post-1770","page","type-page","status-publish","hentry"],"acf":[],"_links":{"self":[{"href":"https:\/\/www.hotelsvizzero.com\/fr\/wp-json\/wp\/v2\/pages\/1770","targetHints":{"allow":["GET"]}}],"collection":[{"href":"https:\/\/www.hotelsvizzero.com\/fr\/wp-json\/wp\/v2\/pages"}],"about":[{"href":"https:\/\/www.hotelsvizzero.com\/fr\/wp-json\/wp\/v2\/types\/page"}],"author":[{"embeddable":true,"href":"https:\/\/www.hotelsvizzero.com\/fr\/wp-json\/wp\/v2\/users\/1"}],"replies":[{"embeddable":true,"href":"https:\/\/www.hotelsvizzero.com\/fr\/wp-json\/wp\/v2\/comments?post=1770"}],"version-history":[{"count":2,"href":"https:\/\/www.hotelsvizzero.com\/fr\/wp-json\/wp\/v2\/pages\/1770\/revisions"}],"predecessor-version":[{"id":2291,"href":"https:\/\/www.hotelsvizzero.com\/fr\/wp-json\/wp\/v2\/pages\/1770\/revisions\/2291"}],"wp:attachment":[{"href":"https:\/\/www.hotelsvizzero.com\/fr\/wp-json\/wp\/v2\/media?parent=1770"}],"curies":[{"name":"wp","href":"https:\/\/api.w.org\/{rel}","templated":true}]}}